{"id":4195,"date":"2021-02-07T21:23:12","date_gmt":"2021-02-07T21:23:12","guid":{"rendered":"https:\/\/www.olympia-global.com\/products\/organic-cotton-baby-wet-wipes\/"},"modified":"2021-03-21T19:47:23","modified_gmt":"2021-03-21T19:47:23","slug":"toallitas-humedas-de-algodon-organico-para-bebes","status":"publish","type":"page","link":"https:\/\/www.olympia-global.com\/es\/products\/toallitas-humedas-de-algodon-organico-para-bebes\/","title":{"rendered":"Toallitas H\u00famedas De Algod\u00f3n Org\u00e1nico Para Beb\u00e9s"},"content":{"rendered":"","protected":false},"excerpt":{"rendered":"","protected":false},"author":1,"featured_media":4196,"parent":4090,"menu_order":0,"comment_status":"closed","ping_status":"closed","template":"","meta":{"_seopress_robots_primary_cat":"","_seopress_titles_title":"","_seopress_titles_desc":"","_seopress_robots_index":"","footnotes":""},"categories":[554],"tags":[],"class_list":{"0":"post-4195","1":"page","2":"type-page","3":"status-publish","4":"has-post-thumbnail","6":"category-toallitas"},"_links":{"self":[{"href":"https:\/\/www.olympia-global.com\/es\/wp-json\/wp\/v2\/pages\/4195","targetHints":{"allow":["GET"]}}],"collection":[{"href":"https:\/\/www.olympia-global.com\/es\/wp-json\/wp\/v2\/pages"}],"about":[{"href":"https:\/\/www.olympia-global.com\/es\/wp-json\/wp\/v2\/types\/page"}],"author":[{"embeddable":true,"href":"https:\/\/www.olympia-global.com\/es\/wp-json\/wp\/v2\/users\/1"}],"replies":[{"embeddable":true,"href":"https:\/\/www.olympia-global.com\/es\/wp-json\/wp\/v2\/comments?post=4195"}],"version-history":[{"count":0,"href":"https:\/\/www.olympia-global.com\/es\/wp-json\/wp\/v2\/pages\/4195\/revisions"}],"up":[{"embeddable":true,"href":"https:\/\/www.olympia-global.com\/es\/wp-json\/wp\/v2\/pages\/4090"}],"wp:featuredmedia":[{"embeddable":true,"href":"https:\/\/www.olympia-global.com\/es\/wp-json\/wp\/v2\/media\/4196"}],"wp:attachment":[{"href":"https:\/\/www.olympia-global.com\/es\/wp-json\/wp\/v2\/media?parent=4195"}],"wp:term":[{"taxonomy":"category","embeddable":true,"href":"https:\/\/www.olympia-global.com\/es\/wp-json\/wp\/v2\/categories?post=4195"},{"taxonomy":"post_tag","embeddable":true,"href":"https:\/\/www.olympia-global.com\/es\/wp-json\/wp\/v2\/tags?post=4195"}],"curies":[{"name":"wp","href":"https:\/\/api.w.org\/{rel}","templated":true}]}}